{"id":2919,"date":"2023-08-30T09:56:10","date_gmt":"2023-08-30T07:56:10","guid":{"rendered":"https:\/\/appleasurefromeurope.eu\/il-consorzio-mela-valtellina-igp\/"},"modified":"2023-11-28T12:52:32","modified_gmt":"2023-11-28T11:52:32","slug":"das-veltliner-apfelschutzkonsortium","status":"publish","type":"page","link":"https:\/\/appleasurefromeurope.it\/de\/das-veltliner-apfelschutzkonsortium\/","title":{"rendered":"Das Veltliner Apfelschutzkonsortium"},"content":{"rendered":"\t\t<div data-elementor-type=\"wp-page\" data-elementor-id=\"2919\" class=\"elementor elementor-2919 elementor-1687\" data-elementor-post-type=\"page\">\n\t\t\t\t\t\t<section data-dce-background-image-url=\"https:\/\/appleasurefromeurope.it\/wp-content\/uploads\/shutterstock_492798595.jpg\" class=\"elementor-section elementor-top-section elementor-element elementor-element-27198de elementor-section-height-min-height elementor-section-boxed elementor-section-height-default elementor-section-items-middle\" data-id=\"27198de\" data-element_type=\"section\" data-settings=\"{&quot;background_background&quot;:&quot;classic&quot;}\">\n\t\t\t\t\t\t<div class=\"elementor-container elementor-column-gap-default\">\n\t\t\t\t\t<div class=\"elementor-column elementor-col-100 elementor-top-column elementor-element elementor-element-213e88f\" data-id=\"213e88f\" data-element_type=\"column\">\n\t\t\t<div class=\"elementor-widget-wrap\">\n\t\t\t\t\t\t\t<\/div>\n\t\t<\/div>\n\t\t\t\t\t<\/div>\n\t\t<\/section>\n\t\t\t\t<section class=\"elementor-section elementor-top-section elementor-element elementor-element-3bd9cb2 elementor-section-content-middle elementor-section-boxed elementor-section-height-default elementor-section-height-default\" data-id=\"3bd9cb2\" data-element_type=\"section\">\n\t\t\t\t\t\t\t<div class=\"elementor-background-overlay\"><\/div>\n\t\t\t\t\t\t\t<div class=\"elementor-container elementor-column-gap-default\">\n\t\t\t\t\t<div class=\"elementor-column elementor-col-50 elementor-top-column elementor-element elementor-element-ff533b6\" data-id=\"ff533b6\" data-element_type=\"column\">\n\t\t\t<div class=\"elementor-widget-wrap elementor-element-populated\">\n\t\t\t\t\t\t<div class=\"elementor-element elementor-element-4cf8731 elementor-widget elementor-widget-heading\" data-id=\"4cf8731\" data-element_type=\"widget\" data-widget_type=\"heading.default\">\n\t\t\t\t<div class=\"elementor-widget-container\">\n\t\t\t\t\t<h1 class=\"elementor-heading-title elementor-size-default\">DAS VELTLINER APFELSCHUTZKONSORTIUM<\/h1>\t\t\t\t<\/div>\n\t\t\t\t<\/div>\n\t\t\t\t<div class=\"elementor-element elementor-element-fcb50ea elementor-widget elementor-widget-text-editor\" data-id=\"fcb50ea\" data-element_type=\"widget\" data-widget_type=\"text-editor.default\">\n\t\t\t\t<div class=\"elementor-widget-container\">\n\t\t\t\t\t\t\t\t\t<p>Das Veltliner Apfelschutzkonsortium wurde 1992 gegr\u00fcndet mit dem Ziel, die Echtheit, die Qualit\u00e4t und die Genusstauglichkeit der im Veltlin angebauten \u00c4pfel auf s\u00e4mtlichen Stufen der Lieferkette zu garantieren und zu sch\u00fctzen sowie deren nachhaltigen Anbau und Verzehr zu f\u00f6rdern. <br \/><br \/><\/p><p>\u00dcber den Schutz der \u00c4pfel vor Missbrauch, F\u00e4lschungen und unlauterem Wettbewerb hinaus hat das Konsortium eine wichtige Funktion bei der Information, Absatzf\u00f6rderung und Aufwertung der Veltliner \u00c4pfel bei den Verbraucherinnen und Verbrauchern.<br \/><br \/><\/p><p>Das Konsortium umfasst derzeit 235 Mitglieder.<\/p>\t\t\t\t\t\t\t\t<\/div>\n\t\t\t\t<\/div>\n\t\t\t\t<div class=\"elementor-element elementor-element-c606dbc elementor-align-left elementor-widget elementor-widget-button\" data-id=\"c606dbc\" data-element_type=\"widget\" data-widget_type=\"button.default\">\n\t\t\t\t<div class=\"elementor-widget-container\">\n\t\t\t\t\t\t\t\t\t<div class=\"elementor-button-wrapper\">\n\t\t\t\t\t<a class=\"elementor-button elementor-button-link elementor-size-sm\" href=\"https:\/\/www.consorziotutelameledivaltellina.it\/en\/\" target=\"_blank\" rel=\"nofollow\">\n\t\t\t\t\t\t<span class=\"elementor-button-content-wrapper\">\n\t\t\t\t\t\t\t\t\t<span class=\"elementor-button-text\">Besuchen Sie die Seite<\/span>\n\t\t\t\t\t<\/span>\n\t\t\t\t\t<\/a>\n\t\t\t\t<\/div>\n\t\t\t\t\t\t\t\t<\/div>\n\t\t\t\t<\/div>\n\t\t\t\t\t<\/div>\n\t\t<\/div>\n\t\t\t\t<div class=\"elementor-column elementor-col-50 elementor-top-column elementor-element elementor-element-c6e3574\" data-id=\"c6e3574\" data-element_type=\"column\">\n\t\t\t<div class=\"elementor-widget-wrap elementor-element-populated\">\n\t\t\t\t\t\t<div class=\"elementor-element elementor-element-25d7068 elementor-widget elementor-widget-image\" data-id=\"25d7068\" data-element_type=\"widget\" data-widget_type=\"image.default\">\n\t\t\t\t<div class=\"elementor-widget-container\">\n\t\t\t\t\t\t\t\t\t\t\t\t\t\t\t\t<a href=\"https:\/\/www.consorziotutelameledivaltellina.it\/\" target=\"_blank\" rel=\"nofollow\">\n\t\t\t\t\t\t\t<img fetchpriority=\"high\" decoding=\"async\" width=\"992\" height=\"992\" src=\"https:\/\/appleasurefromeurope.it\/wp-content\/uploads\/Logo_Consorzio_Mela.svg\" class=\"attachment-full size-full wp-image-1569\" alt=\"\" \/>\t\t\t\t\t\t\t\t<\/a>\n\t\t\t\t\t\t\t\t\t\t\t\t\t\t\t<\/div>\n\t\t\t\t<\/div>\n\t\t\t\t\t<\/div>\n\t\t<\/div>\n\t\t\t\t\t<\/div>\n\t\t<\/section>\n\t\t\t\t<\/div>\n\t\t","protected":false},"excerpt":{"rendered":"<p>DAS VELTLINER APFELSCHUTZKONSORTIUM Das Veltliner Apfelschutzkonsortium wurde 1992 gegr\u00fcndet mit dem Ziel, die Echtheit, die Qualit\u00e4t und die Genusstauglichkeit der im Veltlin angebauten \u00c4pfel auf s\u00e4mtlichen Stufen der Lieferkette zu garantieren und zu sch\u00fctzen sowie deren nachhaltigen Anbau und Verzehr zu f\u00f6rdern. \u00dcber den Schutz der \u00c4pfel vor Missbrauch, F\u00e4lschungen und unlauterem Wettbewerb hinaus hat [&hellip;]<\/p>\n","protected":false},"author":2,"featured_media":1569,"parent":0,"menu_order":2,"comment_status":"closed","ping_status":"closed","template":"","meta":{"_acf_changed":false,"inline_featured_image":false,"footnotes":""},"class_list":["post-2919","page","type-page","status-publish","has-post-thumbnail","hentry"],"acf":[],"yoast_head":"<!-- This site is optimized with the Yoast SEO plugin v27.4 - https:\/\/yoast.com\/product\/yoast-seo-wordpress\/ -->\n<title>Die Garantie der Qualit\u00e4t, Echtheit und Genuss: Das Veltliner Apfelschutzkonsortium - More Apples More Europe<\/title>\n<meta name=\"description\" content=\"Echtheit, Qualit\u00e4t und Genuss: Das Veltliner Apfelschutzkonsortium garantiert diese drei Vorteile. F\u00fcr die perfekten Veltliner \u00c4pfel.\" \/>\n<meta name=\"robots\" content=\"index, follow, max-snippet:-1, max-image-preview:large, max-video-preview:-1\" \/>\n<link rel=\"canonical\" href=\"https:\/\/appleasurefromeurope.it\/de\/das-veltliner-apfelschutzkonsortium\/\" \/>\n<meta property=\"og:locale\" content=\"de_DE\" \/>\n<meta property=\"og:type\" content=\"article\" \/>\n<meta property=\"og:title\" content=\"Die Garantie der Qualit\u00e4t, Echtheit und Genuss: Das Veltliner Apfelschutzkonsortium - More Apples More Europe\" \/>\n<meta property=\"og:description\" content=\"Echtheit, Qualit\u00e4t und Genuss: Das Veltliner Apfelschutzkonsortium garantiert diese drei Vorteile. F\u00fcr die perfekten Veltliner \u00c4pfel.\" \/>\n<meta property=\"og:url\" content=\"https:\/\/appleasurefromeurope.it\/de\/das-veltliner-apfelschutzkonsortium\/\" \/>\n<meta property=\"og:site_name\" content=\"More Apples More Europe\" \/>\n<meta property=\"article:publisher\" content=\"https:\/\/www.facebook.com\/moreapplesmoreeuropeitalia\" \/>\n<meta property=\"article:modified_time\" content=\"2023-11-28T11:52:32+00:00\" \/>\n<script type=\"application\/ld+json\" class=\"yoast-schema-graph\">{\"@context\":\"https:\\\/\\\/schema.org\",\"@graph\":[{\"@type\":\"WebPage\",\"@id\":\"https:\\\/\\\/appleasurefromeurope.it\\\/de\\\/das-veltliner-apfelschutzkonsortium\\\/\",\"url\":\"https:\\\/\\\/appleasurefromeurope.it\\\/de\\\/das-veltliner-apfelschutzkonsortium\\\/\",\"name\":\"Die Garantie der Qualit\u00e4t, Echtheit und Genuss: Das Veltliner Apfelschutzkonsortium - More Apples More Europe\",\"isPartOf\":{\"@id\":\"https:\\\/\\\/appleasurefromeurope.it\\\/de\\\/#website\"},\"primaryImageOfPage\":{\"@id\":\"https:\\\/\\\/appleasurefromeurope.it\\\/de\\\/das-veltliner-apfelschutzkonsortium\\\/#primaryimage\"},\"image\":{\"@id\":\"https:\\\/\\\/appleasurefromeurope.it\\\/de\\\/das-veltliner-apfelschutzkonsortium\\\/#primaryimage\"},\"thumbnailUrl\":\"https:\\\/\\\/appleasurefromeurope.it\\\/wp-content\\\/uploads\\\/Logo_Consorzio_Mela.svg\",\"datePublished\":\"2023-08-30T07:56:10+00:00\",\"dateModified\":\"2023-11-28T11:52:32+00:00\",\"description\":\"Echtheit, Qualit\u00e4t und Genuss: Das Veltliner Apfelschutzkonsortium garantiert diese drei Vorteile. F\u00fcr die perfekten Veltliner \u00c4pfel.\",\"breadcrumb\":{\"@id\":\"https:\\\/\\\/appleasurefromeurope.it\\\/de\\\/das-veltliner-apfelschutzkonsortium\\\/#breadcrumb\"},\"inLanguage\":\"de\",\"potentialAction\":[{\"@type\":\"ReadAction\",\"target\":[\"https:\\\/\\\/appleasurefromeurope.it\\\/de\\\/das-veltliner-apfelschutzkonsortium\\\/\"]}]},{\"@type\":\"ImageObject\",\"inLanguage\":\"de\",\"@id\":\"https:\\\/\\\/appleasurefromeurope.it\\\/de\\\/das-veltliner-apfelschutzkonsortium\\\/#primaryimage\",\"url\":\"https:\\\/\\\/appleasurefromeurope.it\\\/wp-content\\\/uploads\\\/Logo_Consorzio_Mela.svg\",\"contentUrl\":\"https:\\\/\\\/appleasurefromeurope.it\\\/wp-content\\\/uploads\\\/Logo_Consorzio_Mela.svg\",\"width\":992,\"height\":992},{\"@type\":\"BreadcrumbList\",\"@id\":\"https:\\\/\\\/appleasurefromeurope.it\\\/de\\\/das-veltliner-apfelschutzkonsortium\\\/#breadcrumb\",\"itemListElement\":[{\"@type\":\"ListItem\",\"position\":1,\"name\":\"Home\",\"item\":\"https:\\\/\\\/appleasurefromeurope.it\\\/de\\\/\"},{\"@type\":\"ListItem\",\"position\":2,\"name\":\"Das Veltliner Apfelschutzkonsortium\"}]},{\"@type\":\"WebSite\",\"@id\":\"https:\\\/\\\/appleasurefromeurope.it\\\/de\\\/#website\",\"url\":\"https:\\\/\\\/appleasurefromeurope.it\\\/de\\\/\",\"name\":\"Appleasure from Europe\",\"description\":\"Veltliner \u00c4pfeln g.g.A. - Appleasurefromeurope\",\"publisher\":{\"@id\":\"https:\\\/\\\/appleasurefromeurope.it\\\/de\\\/#organization\"},\"alternateName\":\"Appleasurefromeurope\",\"potentialAction\":[{\"@type\":\"SearchAction\",\"target\":{\"@type\":\"EntryPoint\",\"urlTemplate\":\"https:\\\/\\\/appleasurefromeurope.it\\\/de\\\/?s={search_term_string}\"},\"query-input\":{\"@type\":\"PropertyValueSpecification\",\"valueRequired\":true,\"valueName\":\"search_term_string\"}}],\"inLanguage\":\"de\"},{\"@type\":\"Organization\",\"@id\":\"https:\\\/\\\/appleasurefromeurope.it\\\/de\\\/#organization\",\"name\":\"Appleasure from Europe\",\"alternateName\":\"More Apple More Europe\",\"url\":\"https:\\\/\\\/appleasurefromeurope.it\\\/de\\\/\",\"logo\":{\"@type\":\"ImageObject\",\"inLanguage\":\"de\",\"@id\":\"https:\\\/\\\/appleasurefromeurope.it\\\/de\\\/#\\\/schema\\\/logo\\\/image\\\/\",\"url\":\"https:\\\/\\\/appleasurefromeurope.it\\\/wp-content\\\/uploads\\\/Appleasure_LoghiTV.svg\",\"contentUrl\":\"https:\\\/\\\/appleasurefromeurope.it\\\/wp-content\\\/uploads\\\/Appleasure_LoghiTV.svg\",\"width\":253,\"height\":204,\"caption\":\"Appleasure from Europe\"},\"image\":{\"@id\":\"https:\\\/\\\/appleasurefromeurope.it\\\/de\\\/#\\\/schema\\\/logo\\\/image\\\/\"},\"sameAs\":[\"https:\\\/\\\/www.facebook.com\\\/moreapplesmoreeuropeitalia\",\"https:\\\/\\\/www.instagram.com\\\/appleasurefromeuropeita\\\/\"]}]}<\/script>\n<!-- \/ Yoast SEO plugin. -->","yoast_head_json":{"title":"Die Garantie der Qualit\u00e4t, Echtheit und Genuss: Das Veltliner Apfelschutzkonsortium - More Apples More Europe","description":"Echtheit, Qualit\u00e4t und Genuss: Das Veltliner Apfelschutzkonsortium garantiert diese drei Vorteile. F\u00fcr die perfekten Veltliner \u00c4pfel.","robots":{"index":"index","follow":"follow","max-snippet":"max-snippet:-1","max-image-preview":"max-image-preview:large","max-video-preview":"max-video-preview:-1"},"canonical":"https:\/\/appleasurefromeurope.it\/de\/das-veltliner-apfelschutzkonsortium\/","og_locale":"de_DE","og_type":"article","og_title":"Die Garantie der Qualit\u00e4t, Echtheit und Genuss: Das Veltliner Apfelschutzkonsortium - More Apples More Europe","og_description":"Echtheit, Qualit\u00e4t und Genuss: Das Veltliner Apfelschutzkonsortium garantiert diese drei Vorteile. F\u00fcr die perfekten Veltliner \u00c4pfel.","og_url":"https:\/\/appleasurefromeurope.it\/de\/das-veltliner-apfelschutzkonsortium\/","og_site_name":"More Apples More Europe","article_publisher":"https:\/\/www.facebook.com\/moreapplesmoreeuropeitalia","article_modified_time":"2023-11-28T11:52:32+00:00","schema":{"@context":"https:\/\/schema.org","@graph":[{"@type":"WebPage","@id":"https:\/\/appleasurefromeurope.it\/de\/das-veltliner-apfelschutzkonsortium\/","url":"https:\/\/appleasurefromeurope.it\/de\/das-veltliner-apfelschutzkonsortium\/","name":"Die Garantie der Qualit\u00e4t, Echtheit und Genuss: Das Veltliner Apfelschutzkonsortium - More Apples More Europe","isPartOf":{"@id":"https:\/\/appleasurefromeurope.it\/de\/#website"},"primaryImageOfPage":{"@id":"https:\/\/appleasurefromeurope.it\/de\/das-veltliner-apfelschutzkonsortium\/#primaryimage"},"image":{"@id":"https:\/\/appleasurefromeurope.it\/de\/das-veltliner-apfelschutzkonsortium\/#primaryimage"},"thumbnailUrl":"https:\/\/appleasurefromeurope.it\/wp-content\/uploads\/Logo_Consorzio_Mela.svg","datePublished":"2023-08-30T07:56:10+00:00","dateModified":"2023-11-28T11:52:32+00:00","description":"Echtheit, Qualit\u00e4t und Genuss: Das Veltliner Apfelschutzkonsortium garantiert diese drei Vorteile. F\u00fcr die perfekten Veltliner \u00c4pfel.","breadcrumb":{"@id":"https:\/\/appleasurefromeurope.it\/de\/das-veltliner-apfelschutzkonsortium\/#breadcrumb"},"inLanguage":"de","potentialAction":[{"@type":"ReadAction","target":["https:\/\/appleasurefromeurope.it\/de\/das-veltliner-apfelschutzkonsortium\/"]}]},{"@type":"ImageObject","inLanguage":"de","@id":"https:\/\/appleasurefromeurope.it\/de\/das-veltliner-apfelschutzkonsortium\/#primaryimage","url":"https:\/\/appleasurefromeurope.it\/wp-content\/uploads\/Logo_Consorzio_Mela.svg","contentUrl":"https:\/\/appleasurefromeurope.it\/wp-content\/uploads\/Logo_Consorzio_Mela.svg","width":992,"height":992},{"@type":"BreadcrumbList","@id":"https:\/\/appleasurefromeurope.it\/de\/das-veltliner-apfelschutzkonsortium\/#breadcrumb","itemListElement":[{"@type":"ListItem","position":1,"name":"Home","item":"https:\/\/appleasurefromeurope.it\/de\/"},{"@type":"ListItem","position":2,"name":"Das Veltliner Apfelschutzkonsortium"}]},{"@type":"WebSite","@id":"https:\/\/appleasurefromeurope.it\/de\/#website","url":"https:\/\/appleasurefromeurope.it\/de\/","name":"Appleasure from Europe","description":"Veltliner \u00c4pfeln g.g.A. - Appleasurefromeurope","publisher":{"@id":"https:\/\/appleasurefromeurope.it\/de\/#organization"},"alternateName":"Appleasurefromeurope","potentialAction":[{"@type":"SearchAction","target":{"@type":"EntryPoint","urlTemplate":"https:\/\/appleasurefromeurope.it\/de\/?s={search_term_string}"},"query-input":{"@type":"PropertyValueSpecification","valueRequired":true,"valueName":"search_term_string"}}],"inLanguage":"de"},{"@type":"Organization","@id":"https:\/\/appleasurefromeurope.it\/de\/#organization","name":"Appleasure from Europe","alternateName":"More Apple More Europe","url":"https:\/\/appleasurefromeurope.it\/de\/","logo":{"@type":"ImageObject","inLanguage":"de","@id":"https:\/\/appleasurefromeurope.it\/de\/#\/schema\/logo\/image\/","url":"https:\/\/appleasurefromeurope.it\/wp-content\/uploads\/Appleasure_LoghiTV.svg","contentUrl":"https:\/\/appleasurefromeurope.it\/wp-content\/uploads\/Appleasure_LoghiTV.svg","width":253,"height":204,"caption":"Appleasure from Europe"},"image":{"@id":"https:\/\/appleasurefromeurope.it\/de\/#\/schema\/logo\/image\/"},"sameAs":["https:\/\/www.facebook.com\/moreapplesmoreeuropeitalia","https:\/\/www.instagram.com\/appleasurefromeuropeita\/"]}]}},"_links":{"self":[{"href":"https:\/\/appleasurefromeurope.it\/de\/wp-json\/wp\/v2\/pages\/2919","targetHints":{"allow":["GET"]}}],"collection":[{"href":"https:\/\/appleasurefromeurope.it\/de\/wp-json\/wp\/v2\/pages"}],"about":[{"href":"https:\/\/appleasurefromeurope.it\/de\/wp-json\/wp\/v2\/types\/page"}],"author":[{"embeddable":true,"href":"https:\/\/appleasurefromeurope.it\/de\/wp-json\/wp\/v2\/users\/2"}],"replies":[{"embeddable":true,"href":"https:\/\/appleasurefromeurope.it\/de\/wp-json\/wp\/v2\/comments?post=2919"}],"version-history":[{"count":0,"href":"https:\/\/appleasurefromeurope.it\/de\/wp-json\/wp\/v2\/pages\/2919\/revisions"}],"wp:featuredmedia":[{"embeddable":true,"href":"https:\/\/appleasurefromeurope.it\/de\/wp-json\/wp\/v2\/media\/1569"}],"wp:attachment":[{"href":"https:\/\/appleasurefromeurope.it\/de\/wp-json\/wp\/v2\/media?parent=2919"}],"curies":[{"name":"wp","href":"https:\/\/api.w.org\/{rel}","templated":true}]}}