{"id":2946,"date":"2023-07-22T21:03:49","date_gmt":"2023-07-22T19:03:49","guid":{"rendered":"https:\/\/appleasurefromeurope.eu\/schema-igp\/"},"modified":"2023-11-28T14:14:46","modified_gmt":"2023-11-28T13:14:46","slug":"g-g-a-schema","status":"publish","type":"page","link":"https:\/\/appleasurefromeurope.it\/de\/g-g-a-schema\/","title":{"rendered":"g.g.A. Schema"},"content":{"rendered":"\t\t<div data-elementor-type=\"wp-page\" data-elementor-id=\"2946\" class=\"elementor elementor-2946 elementor-743\" data-elementor-post-type=\"page\">\n\t\t\t\t\t\t<section data-dce-background-image-url=\"https:\/\/appleasurefromeurope.it\/wp-content\/uploads\/shutterstock_2092474918.jpg\" class=\"elementor-section elementor-top-section elementor-element elementor-element-f085cb0 elementor-section-height-min-height elementor-section-boxed elementor-section-height-default elementor-section-items-middle\" data-id=\"f085cb0\" data-element_type=\"section\" data-settings=\"{&quot;background_background&quot;:&quot;classic&quot;}\">\n\t\t\t\t\t\t<div class=\"elementor-container elementor-column-gap-default\">\n\t\t\t\t\t<div class=\"elementor-column elementor-col-100 elementor-top-column elementor-element elementor-element-784cf97\" data-id=\"784cf97\" data-element_type=\"column\">\n\t\t\t<div class=\"elementor-widget-wrap\">\n\t\t\t\t\t\t\t<\/div>\n\t\t<\/div>\n\t\t\t\t\t<\/div>\n\t\t<\/section>\n\t\t\t\t<section class=\"elementor-section elementor-top-section elementor-element elementor-element-6af1b4d elementor-section-content-middle elementor-section-boxed elementor-section-height-default elementor-section-height-default\" data-id=\"6af1b4d\" data-element_type=\"section\">\n\t\t\t\t\t\t\t<div class=\"elementor-background-overlay\"><\/div>\n\t\t\t\t\t\t\t<div class=\"elementor-container elementor-column-gap-default\">\n\t\t\t\t\t<div class=\"elementor-column elementor-col-100 elementor-top-column elementor-element elementor-element-2407a89\" data-id=\"2407a89\" data-element_type=\"column\">\n\t\t\t<div class=\"elementor-widget-wrap elementor-element-populated\">\n\t\t\t\t\t\t<div class=\"elementor-element elementor-element-ac7e7ed elementor-widget elementor-widget-heading\" data-id=\"ac7e7ed\" data-element_type=\"widget\" data-widget_type=\"heading.default\">\n\t\t\t\t<div class=\"elementor-widget-container\">\n\t\t\t\t\t<h1 class=\"elementor-heading-title elementor-size-default\">ZERTIFIZIERTE QUALIT\u00c4T<\/h1>\t\t\t\t<\/div>\n\t\t\t\t<\/div>\n\t\t\t\t<div class=\"elementor-element elementor-element-b850da8 elementor-widget elementor-widget-text-editor\" data-id=\"b850da8\" data-element_type=\"widget\" data-widget_type=\"text-editor.default\">\n\t\t\t\t<div class=\"elementor-widget-container\">\n\t\t\t\t\t\t\t\t\t<p>Die europ\u00e4ischen Qualit\u00e4tsregelungen <strong>sch\u00fctzen unser Lebensmittel- und Weinerbe<\/strong> und garantieren den Verbraucherinnen und Verbrauchern durch R\u00fcckverfolgbarkeit und Lebensmittelsicherheit eine hohe Produktqualit\u00e4t. Eine \u201egeografische Angabe\u201c bezeichnet \u201e<strong>einen Namen, der zur Bezeichnung eines Erzeugnisses verwendet wird<\/strong>, a) dessen Ursprung in einem bestimmten Ort, in einer bestimmten Gegend oder in einem bestimmten Land liegt, b) dessen Qualit\u00e4t, Ansehen oder eine andere Eigenschaft wesentlich auf diesen geografischen Ursprung zur\u00fcckzuf\u00fchren ist und c) bei dem wenigstens einer der Produktionsschritte in dem abgegrenzten geografischen Gebiet erfolgt.\u201c<\/p><p>\u00a0<\/p><p><small>[Artikel 5 Absatz 2 der Verordnung (EU) Nr. 1151\/2012].<\/small><\/p>\t\t\t\t\t\t\t\t<\/div>\n\t\t\t\t<\/div>\n\t\t\t\t\t<\/div>\n\t\t<\/div>\n\t\t\t\t\t<\/div>\n\t\t<\/section>\n\t\t\t\t<section class=\"elementor-section elementor-top-section elementor-element elementor-element-b01977b elementor-section-content-middle elementor-section-boxed elementor-section-height-default elementor-section-height-default\" data-id=\"b01977b\" data-element_type=\"section\">\n\t\t\t\t\t\t\t<div class=\"elementor-background-overlay\"><\/div>\n\t\t\t\t\t\t\t<div class=\"elementor-container elementor-column-gap-default\">\n\t\t\t\t\t<div class=\"elementor-column elementor-col-50 elementor-top-column elementor-element elementor-element-28360e9\" data-id=\"28360e9\" data-element_type=\"column\">\n\t\t\t<div class=\"elementor-widget-wrap elementor-element-populated\">\n\t\t\t\t\t\t<div class=\"elementor-element elementor-element-12aba51 elementor-widget elementor-widget-heading\" data-id=\"12aba51\" data-element_type=\"widget\" data-widget_type=\"heading.default\">\n\t\t\t\t<div class=\"elementor-widget-container\">\n\t\t\t\t\t<h2 class=\"elementor-heading-title elementor-size-default\">GESCH\u00dcTZTE URSPRUNGSBEZEICHNUNG (g. U.)<\/h2>\t\t\t\t<\/div>\n\t\t\t\t<\/div>\n\t\t\t\t<div class=\"elementor-element elementor-element-72b8c09 elementor-widget elementor-widget-text-editor\" data-id=\"72b8c09\" data-element_type=\"widget\" data-widget_type=\"text-editor.default\">\n\t\t\t\t<div class=\"elementor-widget-container\">\n\t\t\t\t\t\t\t\t\t<p>Als g.\u00a0U. eingetragene Produktnamen weisen die engste Verbindung mit dem geografischen Ort auf, an dem sie hergestellt werden.<br \/><br \/><\/p><ul><li><strong>Erzeugnisse: <\/strong>Lebensmittel, landwirtschaftliche Erzeugnisse und Weine.<\/li><li><strong>Spezifikation: <\/strong>Jeder Verarbeitungsschritt, also Erzeugung, Verarbeitung und Zubereitung, muss in der jeweiligen Region erfolgen<\/li><\/ul>\t\t\t\t\t\t\t\t<\/div>\n\t\t\t\t<\/div>\n\t\t\t\t\t<\/div>\n\t\t<\/div>\n\t\t\t\t<div class=\"elementor-column elementor-col-50 elementor-top-column elementor-element elementor-element-97108fe\" data-id=\"97108fe\" data-element_type=\"column\">\n\t\t\t<div class=\"elementor-widget-wrap elementor-element-populated\">\n\t\t\t\t\t\t<div class=\"elementor-element elementor-element-3d2ae3b elementor-widget elementor-widget-image\" data-id=\"3d2ae3b\" data-element_type=\"widget\" data-widget_type=\"image.default\">\n\t\t\t\t<div class=\"elementor-widget-container\">\n\t\t\t\t\t\t\t\t\t\t\t\t\t\t\t<img decoding=\"async\" width=\"70\" height=\"70\" src=\"https:\/\/appleasurefromeurope.it\/wp-content\/uploads\/dop_logo_DE.svg\" class=\"attachment-full size-full wp-image-2953\" alt=\"\" \/>\t\t\t\t\t\t\t\t\t\t\t\t\t\t\t<\/div>\n\t\t\t\t<\/div>\n\t\t\t\t\t<\/div>\n\t\t<\/div>\n\t\t\t\t\t<\/div>\n\t\t<\/section>\n\t\t\t\t<section class=\"elementor-section elementor-top-section elementor-element elementor-element-d8f919a elementor-section-content-middle elementor-section-boxed elementor-section-height-default elementor-section-height-default\" data-id=\"d8f919a\" data-element_type=\"section\">\n\t\t\t\t\t\t\t<div class=\"elementor-background-overlay\"><\/div>\n\t\t\t\t\t\t\t<div class=\"elementor-container elementor-column-gap-default\">\n\t\t\t\t\t<div class=\"elementor-column elementor-col-50 elementor-top-column elementor-element elementor-element-63e52f9\" data-id=\"63e52f9\" data-element_type=\"column\">\n\t\t\t<div class=\"elementor-widget-wrap elementor-element-populated\">\n\t\t\t\t\t\t<div class=\"elementor-element elementor-element-3eea6f0 elementor-widget elementor-widget-heading\" data-id=\"3eea6f0\" data-element_type=\"widget\" data-widget_type=\"heading.default\">\n\t\t\t\t<div class=\"elementor-widget-container\">\n\t\t\t\t\t<h2 class=\"elementor-heading-title elementor-size-default\">GESCH\u00dcTZTE GEOGRAFISCHE ANGABE (g. g. A.)<\/h2>\t\t\t\t<\/div>\n\t\t\t\t<\/div>\n\t\t\t\t<div class=\"elementor-element elementor-element-bc59b3c elementor-widget elementor-widget-text-editor\" data-id=\"bc59b3c\" data-element_type=\"widget\" data-widget_type=\"text-editor.default\">\n\t\t\t\t<div class=\"elementor-widget-container\">\n\t\t\t\t\t\t\t\t\t<p>Die gesch\u00fctzte geografische Angabe (g. g. A.) unterstreicht den Zusammenhang zwischen einem bestimmten geografischen Gebiet und dem Namen eines Erzeugnisses, wenn eine bestimmte Qualit\u00e4t, das Ansehen oder ein anderes Merkmal dieses Erzeugnisses im Wesentlichen auf dessen geografischen Ursprung zur\u00fcckzuf\u00fchren ist.<br \/><br \/><\/p><ul><li><strong>Erzeugnisse:<\/strong> Lebensmittel, landwirtschaftliche Erzeugnisse und Weine.<\/li><li><strong>Spezifikation: <\/strong>F\u00fcr die meisten dieser Erzeugnisse muss mindestens einer der Herstellungsschritte, also Erzeugung, Verarbeitung oder Zubereitung, in besagter Region erfolgen.<\/li><\/ul>\t\t\t\t\t\t\t\t<\/div>\n\t\t\t\t<\/div>\n\t\t\t\t\t<\/div>\n\t\t<\/div>\n\t\t\t\t<div class=\"elementor-column elementor-col-50 elementor-top-column elementor-element elementor-element-295d5d5\" data-id=\"295d5d5\" data-element_type=\"column\">\n\t\t\t<div class=\"elementor-widget-wrap elementor-element-populated\">\n\t\t\t\t\t\t<div class=\"elementor-element elementor-element-7b2e95d elementor-widget elementor-widget-image\" data-id=\"7b2e95d\" data-element_type=\"widget\" data-widget_type=\"image.default\">\n\t\t\t\t<div class=\"elementor-widget-container\">\n\t\t\t\t\t\t\t\t\t\t\t\t\t\t\t<img decoding=\"async\" width=\"99\" height=\"99\" src=\"https:\/\/appleasurefromeurope.it\/wp-content\/uploads\/Indicazione_geografica_protetta_logo-de.svg\" class=\"attachment-full size-full wp-image-2896\" alt=\"\" \/>\t\t\t\t\t\t\t\t\t\t\t\t\t\t\t<\/div>\n\t\t\t\t<\/div>\n\t\t\t\t\t<\/div>\n\t\t<\/div>\n\t\t\t\t\t<\/div>\n\t\t<\/section>\n\t\t\t\t<section class=\"elementor-section elementor-top-section elementor-element elementor-element-b99b3da elementor-section-content-middle elementor-section-boxed elementor-section-height-default elementor-section-height-default\" data-id=\"b99b3da\" data-element_type=\"section\">\n\t\t\t\t\t\t\t<div class=\"elementor-background-overlay\"><\/div>\n\t\t\t\t\t\t\t<div class=\"elementor-container elementor-column-gap-default\">\n\t\t\t\t\t<div class=\"elementor-column elementor-col-50 elementor-top-column elementor-element elementor-element-38218ae\" data-id=\"38218ae\" data-element_type=\"column\">\n\t\t\t<div class=\"elementor-widget-wrap elementor-element-populated\">\n\t\t\t\t\t\t<div class=\"elementor-element elementor-element-107bed2 elementor-widget elementor-widget-heading\" data-id=\"107bed2\" data-element_type=\"widget\" data-widget_type=\"heading.default\">\n\t\t\t\t<div class=\"elementor-widget-container\">\n\t\t\t\t\t<h4 class=\"elementor-heading-title elementor-size-default\">GARANTIERT TRADITIONELLE SPEZIALIT\u00c4T (G. T. S.)<\/h4>\t\t\t\t<\/div>\n\t\t\t\t<\/div>\n\t\t\t\t<div class=\"elementor-element elementor-element-72d9dcb elementor-widget elementor-widget-text-editor\" data-id=\"72d9dcb\" data-element_type=\"widget\" data-widget_type=\"text-editor.default\">\n\t\t\t\t<div class=\"elementor-widget-container\">\n\t\t\t\t\t\t\t\t\t<p>Bei der garantiert traditionellen Spezialit\u00e4t stehen traditionelle Aspekte wie die Art und Weise der Herstellung des Erzeugnisses oder seine Zusammensetzung im Vordergrund, ohne dass diese an ein bestimmtes geografisches Gebiet gebunden sind. Durch die Eintragung als garantiert traditionelle Spezialit\u00e4t wird ein Erzeugnis vor F\u00e4lschung und sein Name vor widerrechtlicher Aneignung gesch\u00fctzt.<\/p><p>\u00a0<\/p><ul><li><strong>Erzeugnisse<\/strong>: Lebensmittel und landwirtschaftliche Erzeugnisse.<\/li><\/ul>\t\t\t\t\t\t\t\t<\/div>\n\t\t\t\t<\/div>\n\t\t\t\t\t<\/div>\n\t\t<\/div>\n\t\t\t\t<div class=\"elementor-column elementor-col-50 elementor-top-column elementor-element elementor-element-519d386\" data-id=\"519d386\" data-element_type=\"column\">\n\t\t\t<div class=\"elementor-widget-wrap elementor-element-populated\">\n\t\t\t\t\t\t<div class=\"elementor-element elementor-element-4accdcd elementor-widget elementor-widget-image\" data-id=\"4accdcd\" data-element_type=\"widget\" data-widget_type=\"image.default\">\n\t\t\t\t<div class=\"elementor-widget-container\">\n\t\t\t\t\t\t\t\t\t\t\t\t\t\t\t<img fetchpriority=\"high\" decoding=\"async\" width=\"595\" height=\"595\" src=\"https:\/\/appleasurefromeurope.it\/wp-content\/uploads\/EU-Gemeinschaftszeichen_gtS.svg\" class=\"attachment-full size-full wp-image-2951\" alt=\"\" \/>\t\t\t\t\t\t\t\t\t\t\t\t\t\t\t<\/div>\n\t\t\t\t<\/div>\n\t\t\t\t\t<\/div>\n\t\t<\/div>\n\t\t\t\t\t<\/div>\n\t\t<\/section>\n\t\t\t\t<section class=\"elementor-section elementor-top-section elementor-element elementor-element-e9a0b7b elementor-section-boxed elementor-section-height-default elementor-section-height-default\" data-id=\"e9a0b7b\" data-element_type=\"section\">\n\t\t\t\t\t\t<div class=\"elementor-container elementor-column-gap-default\">\n\t\t\t\t\t<div class=\"elementor-column elementor-col-100 elementor-top-column elementor-element elementor-element-4b57157\" data-id=\"4b57157\" data-element_type=\"column\">\n\t\t\t<div class=\"elementor-widget-wrap elementor-element-populated\">\n\t\t\t\t\t\t<div class=\"elementor-element elementor-element-8d621bb elementor-align-center elementor-widget elementor-widget-button\" data-id=\"8d621bb\" data-element_type=\"widget\" data-widget_type=\"button.default\">\n\t\t\t\t<div class=\"elementor-widget-container\">\n\t\t\t\t\t\t\t\t\t<div class=\"elementor-button-wrapper\">\n\t\t\t\t\t<a class=\"elementor-button elementor-button-link elementor-size-sm\" href=\"https:\/\/agriculture.ec.europa.eu\/farming\/geographical-indications-and-quality-schemes\/geographical-indications-and-quality-schemes-explained_de\" target=\"_blank\" rel=\"nofollow\">\n\t\t\t\t\t\t<span class=\"elementor-button-content-wrapper\">\n\t\t\t\t\t\t\t\t\t<span class=\"elementor-button-text\">Erfahren Sie mehr \u00fcber die Qualit\u00e4tsregelungen<\/span>\n\t\t\t\t\t<\/span>\n\t\t\t\t\t<\/a>\n\t\t\t\t<\/div>\n\t\t\t\t\t\t\t\t<\/div>\n\t\t\t\t<\/div>\n\t\t\t\t\t<\/div>\n\t\t<\/div>\n\t\t\t\t\t<\/div>\n\t\t<\/section>\n\t\t\t\t<\/div>\n\t\t","protected":false},"excerpt":{"rendered":"<p>ZERTIFIZIERTE QUALIT\u00c4T Die europ\u00e4ischen Qualit\u00e4tsregelungen sch\u00fctzen unser Lebensmittel- und Weinerbe und garantieren den Verbraucherinnen und Verbrauchern durch R\u00fcckverfolgbarkeit und Lebensmittelsicherheit eine hohe Produktqualit\u00e4t. Eine \u201egeografische Angabe\u201c bezeichnet \u201eeinen Namen, der zur Bezeichnung eines Erzeugnisses verwendet wird, a) dessen Ursprung in einem bestimmten Ort, in einer bestimmten Gegend oder in einem bestimmten Land liegt, b) dessen [&hellip;]<\/p>\n","protected":false},"author":2,"featured_media":2896,"parent":0,"menu_order":20,"comment_status":"closed","ping_status":"closed","template":"","meta":{"_acf_changed":false,"inline_featured_image":false,"footnotes":""},"class_list":["post-2946","page","type-page","status-publish","has-post-thumbnail","hentry"],"acf":[],"yoast_head":"<!-- This site is optimized with the Yoast SEO plugin v27.4 - https:\/\/yoast.com\/product\/yoast-seo-wordpress\/ -->\n<title>Geografische Angabe: Weshalb es f\u00fcr Produkte wichtig ist<\/title>\n<meta name=\"description\" content=\"Gesch\u00fctzt durch europ\u00e4ische Qualit\u00e4tsregelungen, die eine R\u00fcckverfolgbarkeit und eine hohe Produktqualit\u00e4t garantieren, stellen \u201egeografische Angaben\u201c den engsten Bezug zu den Produktionsschritten her.\" \/>\n<meta name=\"robots\" content=\"index, follow, max-snippet:-1, max-image-preview:large, max-video-preview:-1\" \/>\n<link rel=\"canonical\" href=\"https:\/\/appleasurefromeurope.it\/de\/g-g-a-schema\/\" \/>\n<meta property=\"og:locale\" content=\"de_DE\" \/>\n<meta property=\"og:type\" content=\"article\" \/>\n<meta property=\"og:title\" content=\"Geografische Angabe: Weshalb es f\u00fcr Produkte wichtig ist\" \/>\n<meta property=\"og:description\" content=\"Gesch\u00fctzt durch europ\u00e4ische Qualit\u00e4tsregelungen, die eine R\u00fcckverfolgbarkeit und eine hohe Produktqualit\u00e4t garantieren, stellen \u201egeografische Angaben\u201c den engsten Bezug zu den Produktionsschritten her.\" \/>\n<meta property=\"og:url\" content=\"https:\/\/appleasurefromeurope.it\/de\/g-g-a-schema\/\" \/>\n<meta property=\"og:site_name\" content=\"More Apples More Europe\" \/>\n<meta property=\"article:publisher\" content=\"https:\/\/www.facebook.com\/moreapplesmoreeuropeitalia\" \/>\n<meta property=\"article:modified_time\" content=\"2023-11-28T13:14:46+00:00\" \/>\n<script type=\"application\/ld+json\" class=\"yoast-schema-graph\">{\"@context\":\"https:\\\/\\\/schema.org\",\"@graph\":[{\"@type\":\"WebPage\",\"@id\":\"https:\\\/\\\/appleasurefromeurope.it\\\/de\\\/g-g-a-schema\\\/\",\"url\":\"https:\\\/\\\/appleasurefromeurope.it\\\/de\\\/g-g-a-schema\\\/\",\"name\":\"Geografische Angabe: Weshalb es f\u00fcr Produkte wichtig ist\",\"isPartOf\":{\"@id\":\"https:\\\/\\\/appleasurefromeurope.it\\\/de\\\/#website\"},\"primaryImageOfPage\":{\"@id\":\"https:\\\/\\\/appleasurefromeurope.it\\\/de\\\/g-g-a-schema\\\/#primaryimage\"},\"image\":{\"@id\":\"https:\\\/\\\/appleasurefromeurope.it\\\/de\\\/g-g-a-schema\\\/#primaryimage\"},\"thumbnailUrl\":\"https:\\\/\\\/appleasurefromeurope.it\\\/wp-content\\\/uploads\\\/Indicazione_geografica_protetta_logo-de.svg\",\"datePublished\":\"2023-07-22T19:03:49+00:00\",\"dateModified\":\"2023-11-28T13:14:46+00:00\",\"description\":\"Gesch\u00fctzt durch europ\u00e4ische Qualit\u00e4tsregelungen, die eine R\u00fcckverfolgbarkeit und eine hohe Produktqualit\u00e4t garantieren, stellen \u201egeografische Angaben\u201c den engsten Bezug zu den Produktionsschritten her.\",\"breadcrumb\":{\"@id\":\"https:\\\/\\\/appleasurefromeurope.it\\\/de\\\/g-g-a-schema\\\/#breadcrumb\"},\"inLanguage\":\"de\",\"potentialAction\":[{\"@type\":\"ReadAction\",\"target\":[\"https:\\\/\\\/appleasurefromeurope.it\\\/de\\\/g-g-a-schema\\\/\"]}]},{\"@type\":\"ImageObject\",\"inLanguage\":\"de\",\"@id\":\"https:\\\/\\\/appleasurefromeurope.it\\\/de\\\/g-g-a-schema\\\/#primaryimage\",\"url\":\"https:\\\/\\\/appleasurefromeurope.it\\\/wp-content\\\/uploads\\\/Indicazione_geografica_protetta_logo-de.svg\",\"contentUrl\":\"https:\\\/\\\/appleasurefromeurope.it\\\/wp-content\\\/uploads\\\/Indicazione_geografica_protetta_logo-de.svg\",\"width\":99,\"height\":99},{\"@type\":\"BreadcrumbList\",\"@id\":\"https:\\\/\\\/appleasurefromeurope.it\\\/de\\\/g-g-a-schema\\\/#breadcrumb\",\"itemListElement\":[{\"@type\":\"ListItem\",\"position\":1,\"name\":\"Home\",\"item\":\"https:\\\/\\\/appleasurefromeurope.it\\\/de\\\/\"},{\"@type\":\"ListItem\",\"position\":2,\"name\":\"g.g.A. Schema\"}]},{\"@type\":\"WebSite\",\"@id\":\"https:\\\/\\\/appleasurefromeurope.it\\\/de\\\/#website\",\"url\":\"https:\\\/\\\/appleasurefromeurope.it\\\/de\\\/\",\"name\":\"Appleasure from Europe\",\"description\":\"Veltliner \u00c4pfeln g.g.A. - Appleasurefromeurope\",\"publisher\":{\"@id\":\"https:\\\/\\\/appleasurefromeurope.it\\\/de\\\/#organization\"},\"alternateName\":\"Appleasurefromeurope\",\"potentialAction\":[{\"@type\":\"SearchAction\",\"target\":{\"@type\":\"EntryPoint\",\"urlTemplate\":\"https:\\\/\\\/appleasurefromeurope.it\\\/de\\\/?s={search_term_string}\"},\"query-input\":{\"@type\":\"PropertyValueSpecification\",\"valueRequired\":true,\"valueName\":\"search_term_string\"}}],\"inLanguage\":\"de\"},{\"@type\":\"Organization\",\"@id\":\"https:\\\/\\\/appleasurefromeurope.it\\\/de\\\/#organization\",\"name\":\"Appleasure from Europe\",\"alternateName\":\"More Apple More Europe\",\"url\":\"https:\\\/\\\/appleasurefromeurope.it\\\/de\\\/\",\"logo\":{\"@type\":\"ImageObject\",\"inLanguage\":\"de\",\"@id\":\"https:\\\/\\\/appleasurefromeurope.it\\\/de\\\/#\\\/schema\\\/logo\\\/image\\\/\",\"url\":\"https:\\\/\\\/appleasurefromeurope.it\\\/wp-content\\\/uploads\\\/Appleasure_LoghiTV.svg\",\"contentUrl\":\"https:\\\/\\\/appleasurefromeurope.it\\\/wp-content\\\/uploads\\\/Appleasure_LoghiTV.svg\",\"width\":253,\"height\":204,\"caption\":\"Appleasure from Europe\"},\"image\":{\"@id\":\"https:\\\/\\\/appleasurefromeurope.it\\\/de\\\/#\\\/schema\\\/logo\\\/image\\\/\"},\"sameAs\":[\"https:\\\/\\\/www.facebook.com\\\/moreapplesmoreeuropeitalia\",\"https:\\\/\\\/www.instagram.com\\\/appleasurefromeuropeita\\\/\"]}]}<\/script>\n<!-- \/ Yoast SEO plugin. -->","yoast_head_json":{"title":"Geografische Angabe: Weshalb es f\u00fcr Produkte wichtig ist","description":"Gesch\u00fctzt durch europ\u00e4ische Qualit\u00e4tsregelungen, die eine R\u00fcckverfolgbarkeit und eine hohe Produktqualit\u00e4t garantieren, stellen \u201egeografische Angaben\u201c den engsten Bezug zu den Produktionsschritten her.","robots":{"index":"index","follow":"follow","max-snippet":"max-snippet:-1","max-image-preview":"max-image-preview:large","max-video-preview":"max-video-preview:-1"},"canonical":"https:\/\/appleasurefromeurope.it\/de\/g-g-a-schema\/","og_locale":"de_DE","og_type":"article","og_title":"Geografische Angabe: Weshalb es f\u00fcr Produkte wichtig ist","og_description":"Gesch\u00fctzt durch europ\u00e4ische Qualit\u00e4tsregelungen, die eine R\u00fcckverfolgbarkeit und eine hohe Produktqualit\u00e4t garantieren, stellen \u201egeografische Angaben\u201c den engsten Bezug zu den Produktionsschritten her.","og_url":"https:\/\/appleasurefromeurope.it\/de\/g-g-a-schema\/","og_site_name":"More Apples More Europe","article_publisher":"https:\/\/www.facebook.com\/moreapplesmoreeuropeitalia","article_modified_time":"2023-11-28T13:14:46+00:00","schema":{"@context":"https:\/\/schema.org","@graph":[{"@type":"WebPage","@id":"https:\/\/appleasurefromeurope.it\/de\/g-g-a-schema\/","url":"https:\/\/appleasurefromeurope.it\/de\/g-g-a-schema\/","name":"Geografische Angabe: Weshalb es f\u00fcr Produkte wichtig ist","isPartOf":{"@id":"https:\/\/appleasurefromeurope.it\/de\/#website"},"primaryImageOfPage":{"@id":"https:\/\/appleasurefromeurope.it\/de\/g-g-a-schema\/#primaryimage"},"image":{"@id":"https:\/\/appleasurefromeurope.it\/de\/g-g-a-schema\/#primaryimage"},"thumbnailUrl":"https:\/\/appleasurefromeurope.it\/wp-content\/uploads\/Indicazione_geografica_protetta_logo-de.svg","datePublished":"2023-07-22T19:03:49+00:00","dateModified":"2023-11-28T13:14:46+00:00","description":"Gesch\u00fctzt durch europ\u00e4ische Qualit\u00e4tsregelungen, die eine R\u00fcckverfolgbarkeit und eine hohe Produktqualit\u00e4t garantieren, stellen \u201egeografische Angaben\u201c den engsten Bezug zu den Produktionsschritten her.","breadcrumb":{"@id":"https:\/\/appleasurefromeurope.it\/de\/g-g-a-schema\/#breadcrumb"},"inLanguage":"de","potentialAction":[{"@type":"ReadAction","target":["https:\/\/appleasurefromeurope.it\/de\/g-g-a-schema\/"]}]},{"@type":"ImageObject","inLanguage":"de","@id":"https:\/\/appleasurefromeurope.it\/de\/g-g-a-schema\/#primaryimage","url":"https:\/\/appleasurefromeurope.it\/wp-content\/uploads\/Indicazione_geografica_protetta_logo-de.svg","contentUrl":"https:\/\/appleasurefromeurope.it\/wp-content\/uploads\/Indicazione_geografica_protetta_logo-de.svg","width":99,"height":99},{"@type":"BreadcrumbList","@id":"https:\/\/appleasurefromeurope.it\/de\/g-g-a-schema\/#breadcrumb","itemListElement":[{"@type":"ListItem","position":1,"name":"Home","item":"https:\/\/appleasurefromeurope.it\/de\/"},{"@type":"ListItem","position":2,"name":"g.g.A. Schema"}]},{"@type":"WebSite","@id":"https:\/\/appleasurefromeurope.it\/de\/#website","url":"https:\/\/appleasurefromeurope.it\/de\/","name":"Appleasure from Europe","description":"Veltliner \u00c4pfeln g.g.A. - Appleasurefromeurope","publisher":{"@id":"https:\/\/appleasurefromeurope.it\/de\/#organization"},"alternateName":"Appleasurefromeurope","potentialAction":[{"@type":"SearchAction","target":{"@type":"EntryPoint","urlTemplate":"https:\/\/appleasurefromeurope.it\/de\/?s={search_term_string}"},"query-input":{"@type":"PropertyValueSpecification","valueRequired":true,"valueName":"search_term_string"}}],"inLanguage":"de"},{"@type":"Organization","@id":"https:\/\/appleasurefromeurope.it\/de\/#organization","name":"Appleasure from Europe","alternateName":"More Apple More Europe","url":"https:\/\/appleasurefromeurope.it\/de\/","logo":{"@type":"ImageObject","inLanguage":"de","@id":"https:\/\/appleasurefromeurope.it\/de\/#\/schema\/logo\/image\/","url":"https:\/\/appleasurefromeurope.it\/wp-content\/uploads\/Appleasure_LoghiTV.svg","contentUrl":"https:\/\/appleasurefromeurope.it\/wp-content\/uploads\/Appleasure_LoghiTV.svg","width":253,"height":204,"caption":"Appleasure from Europe"},"image":{"@id":"https:\/\/appleasurefromeurope.it\/de\/#\/schema\/logo\/image\/"},"sameAs":["https:\/\/www.facebook.com\/moreapplesmoreeuropeitalia","https:\/\/www.instagram.com\/appleasurefromeuropeita\/"]}]}},"_links":{"self":[{"href":"https:\/\/appleasurefromeurope.it\/de\/wp-json\/wp\/v2\/pages\/2946","targetHints":{"allow":["GET"]}}],"collection":[{"href":"https:\/\/appleasurefromeurope.it\/de\/wp-json\/wp\/v2\/pages"}],"about":[{"href":"https:\/\/appleasurefromeurope.it\/de\/wp-json\/wp\/v2\/types\/page"}],"author":[{"embeddable":true,"href":"https:\/\/appleasurefromeurope.it\/de\/wp-json\/wp\/v2\/users\/2"}],"replies":[{"embeddable":true,"href":"https:\/\/appleasurefromeurope.it\/de\/wp-json\/wp\/v2\/comments?post=2946"}],"version-history":[{"count":0,"href":"https:\/\/appleasurefromeurope.it\/de\/wp-json\/wp\/v2\/pages\/2946\/revisions"}],"wp:featuredmedia":[{"embeddable":true,"href":"https:\/\/appleasurefromeurope.it\/de\/wp-json\/wp\/v2\/media\/2896"}],"wp:attachment":[{"href":"https:\/\/appleasurefromeurope.it\/de\/wp-json\/wp\/v2\/media?parent=2946"}],"curies":[{"name":"wp","href":"https:\/\/api.w.org\/{rel}","templated":true}]}}